{"id":267,"date":"2025-01-26T08:04:05","date_gmt":"2025-01-26T07:04:05","guid":{"rendered":"https:\/\/dialogpokolen.pl\/pl\/?page_id=267"},"modified":"2025-02-16T08:29:18","modified_gmt":"2025-02-16T07:29:18","slug":"kontakt","status":"publish","type":"page","link":"https:\/\/dialogpokolen.pl\/pl\/kontakt","title":{"rendered":"KONTAKT"},"content":{"rendered":"\t\t<div data-elementor-type=\"wp-page\" data-elementor-id=\"267\" class=\"elementor elementor-267\">\n\t\t\t\t<div class=\"elementor-element elementor-element-b52bab9 e-flex e-con-boxed e-con e-parent\" data-id=\"b52bab9\" data-element_type=\"container\" data-settings=\"{&quot;background_background&quot;:&quot;classic&quot;}\">\n\t\t\t\t\t<div class=\"e-con-inner\">\n\t\t<div class=\"elementor-element elementor-element-31b0457 e-con-full e-flex e-con e-child\" data-id=\"31b0457\" data-element_type=\"container\">\n\t\t\t\t<div class=\"elementor-element elementor-element-19a736e elementor-widget elementor-widget-heading\" data-id=\"19a736e\" data-element_type=\"widget\" data-widget_type=\"heading.default\">\n\t\t\t\t<div class=\"elementor-widget-container\">\n\t\t\t\t\t<h1 class=\"elementor-heading-title elementor-size-default\">Pozosta\u0144my<br>\nw kontakcie<\/h1>\t\t\t\t<\/div>\n\t\t\t\t<\/div>\n\t\t\t\t<div class=\"elementor-element elementor-element-c4e3dfe elementor-widget elementor-widget-heading\" data-id=\"c4e3dfe\" data-element_type=\"widget\" data-widget_type=\"heading.default\">\n\t\t\t\t<div class=\"elementor-widget-container\">\n\t\t\t\t\t<h2 class=\"elementor-heading-title elementor-size-default\">Razem zmieniajmy przysz\u0142o\u015b\u0107 Twojej organizacji!<\/h2>\t\t\t\t<\/div>\n\t\t\t\t<\/div>\n\t\t\t\t<\/div>\n\t\t<div class=\"elementor-element elementor-element-ecd9387 e-con-full e-flex e-con e-child\" data-id=\"ecd9387\" data-element_type=\"container\">\n\t\t\t\t<\/div>\n\t\t\t\t\t<\/div>\n\t\t\t\t<\/div>\n\t\t<div class=\"elementor-element elementor-element-a823802 e-flex e-con-boxed e-con e-parent\" data-id=\"a823802\" data-element_type=\"container\">\n\t\t\t\t\t<div class=\"e-con-inner\">\n\t\t<div class=\"elementor-element elementor-element-adf2f82 e-con-full e-flex e-con e-child\" data-id=\"adf2f82\" data-element_type=\"container\">\n\t\t\t\t<div class=\"elementor-element elementor-element-8a5d820 elementor-widget elementor-widget-heading\" data-id=\"8a5d820\" data-element_type=\"widget\" data-widget_type=\"heading.default\">\n\t\t\t\t<div class=\"elementor-widget-container\">\n\t\t\t\t\t<div class=\"elementor-heading-title elementor-size-default\">Chcesz dowiedzie\u0107 si\u0119 wi\u0119cej?<\/div>\t\t\t\t<\/div>\n\t\t\t\t<\/div>\n\t\t\t\t<div class=\"elementor-element elementor-element-39a8609 elementor-widget elementor-widget-text-editor\" data-id=\"39a8609\" data-element_type=\"widget\" data-widget_type=\"text-editor.default\">\n\t\t\t\t<div class=\"elementor-widget-container\">\n\t\t\t\t\t\t\t\t\t<p class=\"x_MsoNormal\"><span data-olk-copy-source=\"MessageBody\">Skontaktuj si\u0119 z nami:<\/span><\/p><p class=\"x_MsoNormal\"><b>SilverHub Sp. z o.o.<\/b><br \/>ul. Tadeusza Czackiego 15\/17<br \/>00-043 Warszawa, Polska<\/p><p>E-mail:\u00a0<a title=\"mailto:biuro@silverhub.pl\" href=\"mailto:biuro@silverhub.pl\" data-linkindex=\"9\">biuro@silverhub.pl<\/a><br \/>Telefon: +48 786 200 301<\/p>\t\t\t\t\t\t\t\t<\/div>\n\t\t\t\t<\/div>\n\t\t\t\t<\/div>\n\t\t<div class=\"elementor-element elementor-element-b2f7d13 e-con-full e-flex e-con e-child\" data-id=\"b2f7d13\" data-element_type=\"container\">\n\t\t\t\t<div class=\"elementor-element elementor-element-541a460 elementor-widget elementor-widget-metform\" data-id=\"541a460\" data-element_type=\"widget\" data-widget_type=\"metform.default\">\n\t\t\t\t<div class=\"elementor-widget-container\">\n\t\t\t\t\t<div id=\"mf-response-props-id-277\" data-previous-steps-style=\"\" data-editswitchopen=\"\" data-response_type=\"alert\" data-erroricon=\"fas fa-exclamation-triangle\" data-successicon=\"fas fa-check\" data-messageposition=\"top\" class=\"   mf-scroll-top-no\">\n\t\t<div class=\"formpicker_warper formpicker_warper_editable\" data-metform-formpicker-key=\"277\" >\n\t\t\t\t\n\t\t\t<div class=\"mf-widget-container\">\n\t\t\t\t\r\n\t\t<div\r\n\t\t\tid=\"metform-wrap-541a460-277\"\r\n\t\t\tclass=\"mf-form-wrapper\"\r\n\t\t\tdata-form-id=\"277\"\r\n\t\t\tdata-action=\"https:\/\/dialogpokolen.pl\/pl\/wp-json\/metform\/v1\/entries\/insert\/277\"\r\n\t\t\tdata-wp-nonce=\"7e480c3c45\"\r\n\t\t\tdata-form-nonce=\"b4fa667b59\"\r\n\t\t\tdata-quiz-summery = \"false\"\r\n\t\t\tdata-save-progress = \"false\"\r\n\t\t\tdata-form-type=\"general-form\"\r\n\t\t\tdata-stop-vertical-effect=\"\"\r\n\t\t\t><\/div>\r\n\r\n\r\n\t\t<!----------------------------- \r\n\t\t\t* controls_data : find the the props passed indie of data attribute\r\n\t\t\t* props.SubmitResponseMarkup : contains the markup of error or success message\r\n\t\t\t* https:\/\/developer.mozilla.org\/en-US\/docs\/Web\/JavaScript\/Reference\/Template_literals\r\n\t\t--------------------------- -->\r\n\r\n\t\t\t\t<script type=\"text\/mf\" class=\"mf-template\">\r\n\t\t\tfunction controls_data (value){\r\n\t\t\t\tlet currentWrapper = \"mf-response-props-id-277\";\r\n\t\t\t\tlet currentEl = document.getElementById(currentWrapper);\r\n\t\t\t\t\r\n\t\t\t\treturn currentEl ? currentEl.dataset[value] : false\r\n\t\t\t}\r\n\r\n\r\n\t\t\tlet is_edit_mode = '' ? true : false;\r\n\t\t\tlet message_position = controls_data('messageposition') || 'top';\r\n\r\n\t\t\t\r\n\t\t\tlet message_successIcon = controls_data('successicon') || '';\r\n\t\t\tlet message_errorIcon = controls_data('erroricon') || '';\r\n\t\t\tlet message_editSwitch = controls_data('editswitchopen') === 'yes' ? true : false;\r\n\t\t\tlet message_proClass = controls_data('editswitchopen') === 'yes' ? 'mf_pro_activated' : '';\r\n\t\t\t\r\n\t\t\tlet is_dummy_markup = is_edit_mode && message_editSwitch ? true : false;\r\n\r\n\t\t\t\r\n\t\t\treturn html`\r\n\t\t\t\t<form\r\n\t\t\t\t\tclassName=\"metform-form-content\"\r\n\t\t\t\t\tref=${parent.formContainerRef}\r\n\t\t\t\t\tonSubmit=${ validation.handleSubmit( parent.handleFormSubmit ) }\r\n\t\t\t\t\r\n\t\t\t\t\t>\r\n\t\t\t\r\n\t\t\t\r\n\t\t\t\t\t${is_dummy_markup ? message_position === 'top' ?  props.ResponseDummyMarkup(message_successIcon, message_proClass) : '' : ''}\r\n\t\t\t\t\t${is_dummy_markup ? ' ' :  message_position === 'top' ? props.SubmitResponseMarkup`${parent}${state}${message_successIcon}${message_errorIcon}${message_proClass}` : ''}\r\n\r\n\t\t\t\t\t<!--------------------------------------------------------\r\n\t\t\t\t\t*** IMPORTANT \/ DANGEROUS ***\r\n\t\t\t\t\t${html``} must be used as in immediate child of \"metform-form-main-wrapper\"\r\n\t\t\t\t\tclass otherwise multistep form will not run at all\r\n\t\t\t\t\t---------------------------------------------------------->\r\n\r\n\t\t\t\t\t<div className=\"metform-form-main-wrapper\" key=${'hide-form-after-submit'} ref=${parent.formRef}>\r\n\t\t\t\t\t${html`\r\n\t\t\t\t\t\t\t\t<div data-elementor-type=\"wp-post\" key=\"2\" data-elementor-id=\"277\" className=\"elementor elementor-277\">\n\t\t\t\t<div className=\"elementor-element elementor-element-7fd50e8 e-flex e-con-boxed e-con e-parent\" data-id=\"7fd50e8\" data-element_type=\"container\">\n\t\t\t\t\t<div className=\"e-con-inner\">\n\t\t\t\t<div className=\"elementor-element elementor-element-a0347ca elementor-widget elementor-widget-mf-text\" data-id=\"a0347ca\" data-element_type=\"widget\" data-settings=\"{&quot;mf_input_name&quot;:&quot;mf-nazwisko&quot;}\" data-widget_type=\"mf-text.default\">\n\t\t\t\t<div className=\"elementor-widget-container\">\n\t\t\t\t\t\r\n\t\t<div className=\"mf-input-wrapper\">\r\n\t\t\t\t\t\t\t<label className=\"mf-input-label\" htmlFor=\"mf-input-text-a0347ca\">\r\n\t\t\t\t\t${ parent.decodeEntities(`Imi\u0119 i Nazwisko`) } \t\t\t\t\t<span className=\"mf-input-required-indicator\">*<\/span>\r\n\t\t\t\t<\/label>\r\n\t\t\t\r\n\t\t\t<input\r\n\t\t\t\ttype=\"text\"\r\n\t\t\t\tclassName=\"mf-input \"\r\n\t\t\t\tid=\"mf-input-text-a0347ca\"\r\n\t\t\t\tname=\"mf-nazwisko\"\r\n\t\t\t\tplaceholder=\"${ parent.decodeEntities(`Wpisz tutaj swoje dane osobowe`) } \"\r\n\t\t\t\t\t\t\t\t\tonInput=${parent.handleChange}\r\n\t\t\t\t\tonBlur=${parent.handleChange}\r\n\t\t\t\t\taria-invalid=${validation.errors['mf-nazwisko'] ? 'true' : 'false'}\r\n\t\t\t\t\tref=${el =>{\r\n\t\t\t\t\t\t\t\t\t\t\t\tparent.activateValidation({\"message\":\"To pole jest wymagane\",\"minLength\":1,\"maxLength\":\"\",\"type\":\"none\",\"required\":true,\"expression\":\"null\"}, el)\r\n\t\t\t\t\t}}\r\n\t\t\t\t\t\t\t\t\/>\r\n\r\n\t\t\t\t\t\t\t<${validation.ErrorMessage}\r\n\t\t\t\t\terrors=${validation.errors}\r\n\t\t\t\t\tname=\"mf-nazwisko\"\r\n\t\t\t\t\tas=${html`<span className=\"mf-error-message\"><\/span>`}\r\n\t\t\t\t\t\/>\r\n\t\t\t\r\n\t\t\t\t\t<\/div>\r\n\r\n\t\t\t\t\t\t<\/div>\n\t\t\t\t<\/div>\n\t\t\t\t<div className=\"elementor-element elementor-element-1619f30 elementor-widget elementor-widget-mf-text\" data-id=\"1619f30\" data-element_type=\"widget\" data-settings=\"{&quot;mf_input_name&quot;:&quot;mf-stanowisko&quot;}\" data-widget_type=\"mf-text.default\">\n\t\t\t\t<div className=\"elementor-widget-container\">\n\t\t\t\t\t\r\n\t\t<div className=\"mf-input-wrapper\">\r\n\t\t\t\t\t\t\t<label className=\"mf-input-label\" htmlFor=\"mf-input-text-1619f30\">\r\n\t\t\t\t\t${ parent.decodeEntities(`Stanowisko`) } \t\t\t\t\t<span className=\"mf-input-required-indicator\">*<\/span>\r\n\t\t\t\t<\/label>\r\n\t\t\t\r\n\t\t\t<input\r\n\t\t\t\ttype=\"text\"\r\n\t\t\t\tclassName=\"mf-input \"\r\n\t\t\t\tid=\"mf-input-text-1619f30\"\r\n\t\t\t\tname=\"mf-stanowisko\"\r\n\t\t\t\tplaceholder=\"${ parent.decodeEntities(`Tutaj wpisz nazw\u0119 zajmowanego stanowiska`) } \"\r\n\t\t\t\t\t\t\t\t\tonInput=${parent.handleChange}\r\n\t\t\t\t\tonBlur=${parent.handleChange}\r\n\t\t\t\t\taria-invalid=${validation.errors['mf-stanowisko'] ? 'true' : 'false'}\r\n\t\t\t\t\tref=${el =>{\r\n\t\t\t\t\t\t\t\t\t\t\t\tparent.activateValidation({\"message\":\"To pole jest wymagane\",\"minLength\":1,\"maxLength\":\"\",\"type\":\"none\",\"required\":true,\"expression\":\"null\"}, el)\r\n\t\t\t\t\t}}\r\n\t\t\t\t\t\t\t\t\/>\r\n\r\n\t\t\t\t\t\t\t<${validation.ErrorMessage}\r\n\t\t\t\t\terrors=${validation.errors}\r\n\t\t\t\t\tname=\"mf-stanowisko\"\r\n\t\t\t\t\tas=${html`<span className=\"mf-error-message\"><\/span>`}\r\n\t\t\t\t\t\/>\r\n\t\t\t\r\n\t\t\t\t\t<\/div>\r\n\r\n\t\t\t\t\t\t<\/div>\n\t\t\t\t<\/div>\n\t\t\t\t<div className=\"elementor-element elementor-element-9444e74 elementor-widget elementor-widget-mf-text\" data-id=\"9444e74\" data-element_type=\"widget\" data-settings=\"{&quot;mf_input_name&quot;:&quot;mf-firma&quot;}\" data-widget_type=\"mf-text.default\">\n\t\t\t\t<div className=\"elementor-widget-container\">\n\t\t\t\t\t\r\n\t\t<div className=\"mf-input-wrapper\">\r\n\t\t\t\t\t\t\t<label className=\"mf-input-label\" htmlFor=\"mf-input-text-9444e74\">\r\n\t\t\t\t\t${ parent.decodeEntities(`Firma \/ Organizacja`) } \t\t\t\t\t<span className=\"mf-input-required-indicator\">*<\/span>\r\n\t\t\t\t<\/label>\r\n\t\t\t\r\n\t\t\t<input\r\n\t\t\t\ttype=\"text\"\r\n\t\t\t\tclassName=\"mf-input \"\r\n\t\t\t\tid=\"mf-input-text-9444e74\"\r\n\t\t\t\tname=\"mf-firma\"\r\n\t\t\t\tplaceholder=\"${ parent.decodeEntities(`Tutaj wpisz nazw\u0119 firmy \/ organizacji`) } \"\r\n\t\t\t\t\t\t\t\t\tonInput=${parent.handleChange}\r\n\t\t\t\t\tonBlur=${parent.handleChange}\r\n\t\t\t\t\taria-invalid=${validation.errors['mf-firma'] ? 'true' : 'false'}\r\n\t\t\t\t\tref=${el =>{\r\n\t\t\t\t\t\t\t\t\t\t\t\tparent.activateValidation({\"message\":\"To pole jest wymagane\",\"minLength\":1,\"maxLength\":\"\",\"type\":\"none\",\"required\":true,\"expression\":\"null\"}, el)\r\n\t\t\t\t\t}}\r\n\t\t\t\t\t\t\t\t\/>\r\n\r\n\t\t\t\t\t\t\t<${validation.ErrorMessage}\r\n\t\t\t\t\terrors=${validation.errors}\r\n\t\t\t\t\tname=\"mf-firma\"\r\n\t\t\t\t\tas=${html`<span className=\"mf-error-message\"><\/span>`}\r\n\t\t\t\t\t\/>\r\n\t\t\t\r\n\t\t\t\t\t<\/div>\r\n\r\n\t\t\t\t\t\t<\/div>\n\t\t\t\t<\/div>\n\t\t\t\t<div className=\"elementor-element elementor-element-21e42ed elementor-widget elementor-widget-mf-email\" data-id=\"21e42ed\" data-element_type=\"widget\" data-settings=\"{&quot;mf_input_name&quot;:&quot;mf-email&quot;}\" data-widget_type=\"mf-email.default\">\n\t\t\t\t<div className=\"elementor-widget-container\">\n\t\t\t\t\t\r\n\t\t<div className=\"mf-input-wrapper\">\r\n\t\t\t\t\t\t\t<label className=\"mf-input-label\" htmlFor=\"mf-input-email-21e42ed\">\r\n\t\t\t\t\t${ parent.decodeEntities(`E-mail s\u0142u\u017cbowy`) } \t\t\t\t\t<span className=\"mf-input-required-indicator\">*<\/span>\r\n\t\t\t\t<\/label>\r\n\t\t\t\r\n\t\t\t<input \r\n\t\t\t\ttype=\"email\" \r\n\t\t\t\t \r\n\t\t\t\tdefaultValue=\"\" \r\n\t\t\t\tclassName=\"mf-input \" \r\n\t\t\t\tid=\"mf-input-email-21e42ed\" \r\n\t\t\t\tname=\"mf-email\" \r\n\t\t\t\tplaceholder=\"${ parent.decodeEntities(`Wpisz sw\u00f3j s\u0142u\u017cbowy e-mail`) } \" \r\n\t\t\t\t \r\n\t\t\t\tonBlur=${parent.handleChange} onFocus=${parent.handleChange} aria-invalid=${validation.errors['mf-email'] ? 'true' : 'false' } \r\n\t\t\t\tref=${el=> parent.activateValidation({\"message\":\"To pole jest wymagane\",\"emailMessage\":\"Please enter a valid Email address\",\"minLength\":5,\"maxLength\":250,\"type\":\"by_character_length\",\"required\":true,\"expression\":\"null\"}, el)}\r\n\t\t\t\t\t\t\t\/>\r\n\r\n\t\t\t\t\t\t<${validation.ErrorMessage} \r\n\t\t\t\terrors=${validation.errors} \r\n\t\t\t\tname=\"mf-email\" \r\n\t\t\t\tas=${html`<span className=\"mf-error-message\"><\/span>`}\r\n\t\t\t\/>\r\n\t\t\t\r\n\t\t\t\t\t<\/div>\r\n\r\n\t\t\t\t<\/div>\n\t\t\t\t<\/div>\n\t\t\t\t<div className=\"elementor-element elementor-element-1c2dfd5 elementor-widget elementor-widget-mf-telephone\" data-id=\"1c2dfd5\" data-element_type=\"widget\" data-settings=\"{&quot;mf_input_name&quot;:&quot;mf-telephone&quot;}\" data-widget_type=\"mf-telephone.default\">\n\t\t\t\t<div className=\"elementor-widget-container\">\n\t\t\t\t\t\n\t\t<div className=\"mf-input-wrapper\">\n\t\t\t\t\t\t\t<label className=\"mf-input-label\" htmlFor=\"mf-input-telephone-1c2dfd5\">\n\t\t\t\t\t${ parent.decodeEntities(`Telefon kom\u00f3rkowy`) } \t\t\t\t\t<span className=\"mf-input-required-indicator\">*<\/span>\n\t\t\t\t<\/label>\n\t\t\t\n\t\t\t<input\n\t\t\t\ttype=\"tel\"\n\t\t\t\tclassName=\"mf-input \"\n\t\t\t\tid=\"mf-input-telephone-1c2dfd5\" \n\t\t\t\tname=\"mf-telephone\"\n\t\t\t\tplaceholder=\"${ parent.decodeEntities(`Wpisz sw\u00f3j numer telefonu`) } \"\n\t\t\t\t\t\t\t\t\tonInput=${parent.handleChange}\n\t\t\t\t\taria-invalid=${validation.errors['mf-telephone'] ? 'true' : 'false'}\n\t\t\t\t\tref=${el => parent.activateValidation({\"message\":\"To pole jest obowi\\u0105zkowe\",\"minLength\":9,\"maxLength\":15,\"type\":\"by_character_length\",\"required\":true,\"expression\":\"null\"}, el)}\n\t\t\t\t\t\t\t\t\/>\n\t\t\t\n\t\t\t\t\t\t\t<${validation.ErrorMessage}\n\t\t\t\t\terrors=${validation.errors}\n\t\t\t\t\tname=\"mf-telephone\"\n\t\t\t\t\tas=${html`<span className=\"mf-error-message\"><\/span>`}\n\t\t\t\t\t\/>\n\t\t\t\n\t\t\t\n\t\t<\/div>\n\n\t\t\t\t\t\t<\/div>\n\t\t\t\t<\/div>\n\t\t\t\t<div className=\"elementor-element elementor-element-30c906f elementor-widget elementor-widget-mf-textarea\" data-id=\"30c906f\" data-element_type=\"widget\" data-settings=\"{&quot;mf_input_name&quot;:&quot;mf-textarea&quot;}\" data-widget_type=\"mf-textarea.default\">\n\t\t\t\t<div className=\"elementor-widget-container\">\n\t\t\t\t\t\r\n\t\t<div className=\"mf-input-wrapper\">\r\n\t\t\t\t\t\t\t<label className=\"mf-input-label\" htmlFor=\"mf-input-text-area-30c906f\">\r\n\t\t\t\t\t${ parent.decodeEntities(`Tre\u015b\u0107 wiadomo\u015bci`) } \t\t\t\t\t<span className=\"mf-input-required-indicator\">*<\/span>\r\n\t\t\t\t<\/label>\r\n\t\t\t\r\n\t\t\t<textarea className=\"mf-input mf-textarea \" id=\"mf-input-text-area-30c906f\"\r\n\t\t\t\tname=\"mf-textarea\" \r\n\t\t\t\tplaceholder=\"${ parent.decodeEntities(`Tutaj opisz swoj\u0105 spraw\u0119`) } \"\r\n\t\t\t\tcols=\"30\" rows=\"10\"\r\n\t\t\t\t\t\t\t\t\tonInput=${ parent.handleChange }\r\n\t\t\t\t\taria-invalid=${validation.errors['mf-textarea'] ? 'true' : 'false'}\r\n\t\t\t\t\tref=${ el => parent.activateValidation({\"message\":\"To pole jest wymagane\",\"minLength\":1,\"maxLength\":\"\",\"type\":\"none\",\"required\":true,\"expression\":\"null\"}, el)}\r\n\t\t\t\t\t\t\t\t><\/textarea>\r\n\r\n\t\t\t\t\t\t\t<${validation.ErrorMessage}\r\n\t\t\t\t\terrors=${validation.errors}\r\n\t\t\t\t\tname=\"mf-textarea\"\r\n\t\t\t\t\tas=${html`<span className=\"mf-error-message\"><\/span>`}\r\n\t\t\t\t\t\/>\r\n\t\t\t\t\t\t\t\t<\/div>\r\n\r\n\t\t\t\t\t\t<\/div>\n\t\t\t\t<\/div>\n\t\t\t\t<div className=\"elementor-element elementor-element-dfd3643 elementor-widget elementor-widget-mf-gdpr-consent\" data-id=\"dfd3643\" data-element_type=\"widget\" data-settings=\"{&quot;mf_input_name&quot;:&quot;mf-gdpr&quot;}\" data-widget_type=\"mf-gdpr-consent.default\">\n\t\t\t\t<div className=\"elementor-widget-container\">\n\t\t\t\t\t\n\t\t<div className=\"mf-input-wrapper\">\n\t\t\t\t\t\t\t<label className=\"mf-input-label\" htmlFor=\"mf-input-gdpr-dfd3643\">\n\t\t\t\t\t${ parent.decodeEntities(`Zgoda na przetwarzanie danych`) } \t\t\t\t\t<span className=\"mf-input-required-indicator\">*<\/span>\n\t\t\t\t<\/label>\n\t\t\t\n\t\t\t<div className=\"mf-checkbox multi-option-input-type\" id=\"mf-input-gdpr-dfd3643\">\n\t\t\t\t<div className=\"mf-checkbox-option\">\n\t\t\t\t\t<label>\n\t\t\t\t\t\t\t\t\t\t\t\t<input\n\t\t\t\t\t\t\ttype=\"checkbox\"\n\t\t\t\t\t\t\tclassName=\"mf-input mf-checkbox-input \"\n\t\t\t\t\t\t\tname=\"mf-gdpr\"\n\t\t\t\t\t\t\t\t\t\t\t\t\t\t\tonInput=${ parent.handleOptin }\n\t\t\t\t\t\t\t\taria-invalid=${validation.errors['mf-gdpr'] ? 'true' : 'false'}\n\t\t\t\t\t\t\t\tref=${ el => parent.activateValidation({\"message\":\"To pole jest wymagane\",\"minLength\":1,\"maxLength\":\"\",\"type\":\"none\",\"required\":true,\"expression\":\"null\"}, el) }\n\t\t\t\t\t\t\t\t\t\t\t\t\t\t\/>\n\t\t\t\t\t\t<span>\n\t\t\t\t\t\t\tWyra\u017cam zgod\u0119 na przetwarzanie moich danych osobowych w zwi\u0105zku z wype\u0142nionym formularzem kontaktu. Jednocze\u015bnie o\u015bwiadczam, \u017ce administratorem moich danych osobowych jest Silver Hub Sp. z o.o. ul. T. Czackiego 15\/17, 00-043 Warszawa. KRS: 0000664286. Przys\u0142uguje mi prawo do usuni\u0119cia lub zmiany pozostawionych przeze mnie moich danych osobowych.\t\t\t\t\t\t<\/span>\n\t\t\t\t\t<\/label>\n\t\t\t\t<\/div>\n\t\t\t<\/div>\n\n\t\t\t\t\t\t\t<${validation.ErrorMessage}\n\t\t\t\t\terrors=${validation.errors}\n\t\t\t\t\tname=\"mf-gdpr\"\n\t\t\t\t\tas=${html`<span className=\"mf-error-message\"><\/span>`}\n\t\t\t\t\t\/>\n\t\t\t\n\t\t\t\t\t<\/div>\n\n\t\t\t\t\t\t<\/div>\n\t\t\t\t<\/div>\n\t\t\t\t<div className=\"elementor-element elementor-element-c2049df mf-btn--center elementor-widget elementor-widget-mf-button\" data-id=\"c2049df\" data-element_type=\"widget\" data-widget_type=\"mf-button.default\">\n\t\t\t\t<div className=\"elementor-widget-container\">\n\t\t\t\t\t\t\t<div className=\"mf-btn-wraper \" data-mf-form-conditional-logic-requirement=\"\">\r\n\t\t\t\t\t\t\t<button type=\"submit\" className=\"metform-btn metform-submit-btn \" id=\"\">\r\n\t\t\t\t\t<span>${ parent.decodeEntities(`Wy\u015blij formularz`) } <\/span>\r\n\t\t\t\t<\/button>\r\n\t\t\t        <\/div>\r\n        \t\t\t\t<\/div>\n\t\t\t\t<\/div>\n\t\t\t\t\t<\/div>\n\t\t\t\t<\/div>\n\t\t\t\t<\/div>\n\t\t\t\t\t\t\t`}\r\n\t\t\t\t\t<\/div>\r\n\r\n\t\t\t\t\t${is_dummy_markup ? message_position === 'bottom' ? props.ResponseDummyMarkup(message_successIcon, message_proClass) : '' : ''}\r\n\t\t\t\t\t${is_dummy_markup ? ' ' : message_position === 'bottom' ? props.SubmitResponseMarkup`${parent}${state}${message_successIcon}${message_errorIcon}${message_proClass}` : ''}\r\n\t\t\t\t\r\n\t\t\t\t<\/form>\r\n\t\t\t`\r\n\t\t<\/script>\r\n\r\n\t\t\t\t\t<\/div>\n\t\t<\/div>\n\t\t<\/div>\t\t\t\t<\/div>\n\t\t\t\t<\/div>\n\t\t\t\t<\/div>\n\t\t\t\t\t<\/div>\n\t\t\t\t<\/div>\n\t\t\t\t<\/div>\n\t\t","protected":false},"excerpt":{"rendered":"<p>Pozosta\u0144my w kontakcie Razem zmieniajmy przysz\u0142o\u015b\u0107 Twojej organizacji! Chcesz dowiedzie\u0107 si\u0119 wi\u0119cej? Skontaktuj si\u0119 z nami: SilverHub Sp. z o.o.ul. Tadeusza Czackiego 15\/1700-043 Warszawa, Polska E-mail:\u00a0biuro@silverhub.plTelefon: +48 786 200 301<\/p>\n","protected":false},"author":1,"featured_media":0,"parent":0,"menu_order":0,"comment_status":"closed","ping_status":"closed","template":"","meta":{"footnotes":""},"class_list":["post-267","page","type-page","status-publish"],"yoast_head":"<!-- This site is optimized with the Yoast SEO plugin v25.0 - https:\/\/yoast.com\/wordpress\/plugins\/seo\/ -->\n<title>KONTAKT - Dialog Pokole\u0144<\/title>\n<meta name=\"robots\" content=\"index, follow, max-snippet:-1, max-image-preview:large, max-video-preview:-1\" \/>\n<link rel=\"canonical\" href=\"https:\/\/dialogpokolen.pl\/pl\/kontakt\" \/>\n<meta property=\"og:locale\" content=\"pl_PL\" \/>\n<meta property=\"og:type\" content=\"article\" \/>\n<meta property=\"og:title\" content=\"KONTAKT - Dialog Pokole\u0144\" \/>\n<meta property=\"og:description\" content=\"Pozosta\u0144my w kontakcie Razem zmieniajmy przysz\u0142o\u015b\u0107 Twojej organizacji! Chcesz dowiedzie\u0107 si\u0119 wi\u0119cej? Skontaktuj si\u0119 z nami: SilverHub Sp. z o.o.ul. Tadeusza Czackiego 15\/1700-043 Warszawa, Polska E-mail:\u00a0biuro@silverhub.plTelefon: +48 786 200 301\" \/>\n<meta property=\"og:url\" content=\"https:\/\/dialogpokolen.pl\/pl\/kontakt\" \/>\n<meta property=\"og:site_name\" content=\"Dialog Pokole\u0144\" \/>\n<meta property=\"article:modified_time\" content=\"2025-02-16T07:29:18+00:00\" \/>\n<meta name=\"twitter:card\" content=\"summary_large_image\" \/>\n<script type=\"application\/ld+json\" class=\"yoast-schema-graph\">{\"@context\":\"https:\/\/schema.org\",\"@graph\":[{\"@type\":\"WebPage\",\"@id\":\"https:\/\/dialogpokolen.pl\/pl\/kontakt\",\"url\":\"https:\/\/dialogpokolen.pl\/pl\/kontakt\",\"name\":\"KONTAKT - Dialog Pokole\u0144\",\"isPartOf\":{\"@id\":\"https:\/\/dialogpokolen.pl\/pl\/#website\"},\"datePublished\":\"2025-01-26T07:04:05+00:00\",\"dateModified\":\"2025-02-16T07:29:18+00:00\",\"breadcrumb\":{\"@id\":\"https:\/\/dialogpokolen.pl\/pl\/kontakt#breadcrumb\"},\"inLanguage\":\"pl-PL\",\"potentialAction\":[{\"@type\":\"ReadAction\",\"target\":[\"https:\/\/dialogpokolen.pl\/pl\/kontakt\"]}]},{\"@type\":\"BreadcrumbList\",\"@id\":\"https:\/\/dialogpokolen.pl\/pl\/kontakt#breadcrumb\",\"itemListElement\":[{\"@type\":\"ListItem\",\"position\":1,\"name\":\"Strona g\u0142\u00f3wna\",\"item\":\"https:\/\/dialogpokolen.pl\/pl\/\"},{\"@type\":\"ListItem\",\"position\":2,\"name\":\"KONTAKT\"}]},{\"@type\":\"WebSite\",\"@id\":\"https:\/\/dialogpokolen.pl\/pl\/#website\",\"url\":\"https:\/\/dialogpokolen.pl\/pl\/\",\"name\":\"Dialog Pokole\u0144\",\"description\":\"\",\"publisher\":{\"@id\":\"https:\/\/dialogpokolen.pl\/pl\/#organization\"},\"potentialAction\":[{\"@type\":\"SearchAction\",\"target\":{\"@type\":\"EntryPoint\",\"urlTemplate\":\"https:\/\/dialogpokolen.pl\/pl\/?s={search_term_string}\"},\"query-input\":{\"@type\":\"PropertyValueSpecification\",\"valueRequired\":true,\"valueName\":\"search_term_string\"}}],\"inLanguage\":\"pl-PL\"},{\"@type\":\"Organization\",\"@id\":\"https:\/\/dialogpokolen.pl\/pl\/#organization\",\"name\":\"Dialog Pokole\u0144\",\"url\":\"https:\/\/dialogpokolen.pl\/pl\/\",\"logo\":{\"@type\":\"ImageObject\",\"inLanguage\":\"pl-PL\",\"@id\":\"https:\/\/dialogpokolen.pl\/pl\/#\/schema\/logo\/image\/\",\"url\":\"https:\/\/dialogpokolen.pl\/pl\/wp-content\/uploads\/2025\/01\/sygnet_dp.webp\",\"contentUrl\":\"https:\/\/dialogpokolen.pl\/pl\/wp-content\/uploads\/2025\/01\/sygnet_dp.webp\",\"width\":160,\"height\":160,\"caption\":\"Dialog Pokole\u0144\"},\"image\":{\"@id\":\"https:\/\/dialogpokolen.pl\/pl\/#\/schema\/logo\/image\/\"}}]}<\/script>\n<!-- \/ Yoast SEO plugin. -->","yoast_head_json":{"title":"KONTAKT - Dialog Pokole\u0144","robots":{"index":"index","follow":"follow","max-snippet":"max-snippet:-1","max-image-preview":"max-image-preview:large","max-video-preview":"max-video-preview:-1"},"canonical":"https:\/\/dialogpokolen.pl\/pl\/kontakt","og_locale":"pl_PL","og_type":"article","og_title":"KONTAKT - Dialog Pokole\u0144","og_description":"Pozosta\u0144my w kontakcie Razem zmieniajmy przysz\u0142o\u015b\u0107 Twojej organizacji! Chcesz dowiedzie\u0107 si\u0119 wi\u0119cej? Skontaktuj si\u0119 z nami: SilverHub Sp. z o.o.ul. Tadeusza Czackiego 15\/1700-043 Warszawa, Polska E-mail:\u00a0biuro@silverhub.plTelefon: +48 786 200 301","og_url":"https:\/\/dialogpokolen.pl\/pl\/kontakt","og_site_name":"Dialog Pokole\u0144","article_modified_time":"2025-02-16T07:29:18+00:00","twitter_card":"summary_large_image","schema":{"@context":"https:\/\/schema.org","@graph":[{"@type":"WebPage","@id":"https:\/\/dialogpokolen.pl\/pl\/kontakt","url":"https:\/\/dialogpokolen.pl\/pl\/kontakt","name":"KONTAKT - Dialog Pokole\u0144","isPartOf":{"@id":"https:\/\/dialogpokolen.pl\/pl\/#website"},"datePublished":"2025-01-26T07:04:05+00:00","dateModified":"2025-02-16T07:29:18+00:00","breadcrumb":{"@id":"https:\/\/dialogpokolen.pl\/pl\/kontakt#breadcrumb"},"inLanguage":"pl-PL","potentialAction":[{"@type":"ReadAction","target":["https:\/\/dialogpokolen.pl\/pl\/kontakt"]}]},{"@type":"BreadcrumbList","@id":"https:\/\/dialogpokolen.pl\/pl\/kontakt#breadcrumb","itemListElement":[{"@type":"ListItem","position":1,"name":"Strona g\u0142\u00f3wna","item":"https:\/\/dialogpokolen.pl\/pl\/"},{"@type":"ListItem","position":2,"name":"KONTAKT"}]},{"@type":"WebSite","@id":"https:\/\/dialogpokolen.pl\/pl\/#website","url":"https:\/\/dialogpokolen.pl\/pl\/","name":"Dialog Pokole\u0144","description":"","publisher":{"@id":"https:\/\/dialogpokolen.pl\/pl\/#organization"},"potentialAction":[{"@type":"SearchAction","target":{"@type":"EntryPoint","urlTemplate":"https:\/\/dialogpokolen.pl\/pl\/?s={search_term_string}"},"query-input":{"@type":"PropertyValueSpecification","valueRequired":true,"valueName":"search_term_string"}}],"inLanguage":"pl-PL"},{"@type":"Organization","@id":"https:\/\/dialogpokolen.pl\/pl\/#organization","name":"Dialog Pokole\u0144","url":"https:\/\/dialogpokolen.pl\/pl\/","logo":{"@type":"ImageObject","inLanguage":"pl-PL","@id":"https:\/\/dialogpokolen.pl\/pl\/#\/schema\/logo\/image\/","url":"https:\/\/dialogpokolen.pl\/pl\/wp-content\/uploads\/2025\/01\/sygnet_dp.webp","contentUrl":"https:\/\/dialogpokolen.pl\/pl\/wp-content\/uploads\/2025\/01\/sygnet_dp.webp","width":160,"height":160,"caption":"Dialog Pokole\u0144"},"image":{"@id":"https:\/\/dialogpokolen.pl\/pl\/#\/schema\/logo\/image\/"}}]}},"_links":{"self":[{"href":"https:\/\/dialogpokolen.pl\/pl\/wp-json\/wp\/v2\/pages\/267","targetHints":{"allow":["GET"]}}],"collection":[{"href":"https:\/\/dialogpokolen.pl\/pl\/wp-json\/wp\/v2\/pages"}],"about":[{"href":"https:\/\/dialogpokolen.pl\/pl\/wp-json\/wp\/v2\/types\/page"}],"author":[{"embeddable":true,"href":"https:\/\/dialogpokolen.pl\/pl\/wp-json\/wp\/v2\/users\/1"}],"replies":[{"embeddable":true,"href":"https:\/\/dialogpokolen.pl\/pl\/wp-json\/wp\/v2\/comments?post=267"}],"version-history":[{"count":28,"href":"https:\/\/dialogpokolen.pl\/pl\/wp-json\/wp\/v2\/pages\/267\/revisions"}],"predecessor-version":[{"id":1116,"href":"https:\/\/dialogpokolen.pl\/pl\/wp-json\/wp\/v2\/pages\/267\/revisions\/1116"}],"wp:attachment":[{"href":"https:\/\/dialogpokolen.pl\/pl\/wp-json\/wp\/v2\/media?parent=267"}],"curies":[{"name":"wp","href":"https:\/\/api.w.org\/{rel}","templated":true}]}}